{"id":1140,"date":"2017-09-24T19:36:09","date_gmt":"2017-09-24T17:36:09","guid":{"rendered":"http:\/\/barbaraherold.net\/wordpress\/?page_id=1140"},"modified":"2025-06-02T08:13:55","modified_gmt":"2025-06-02T06:13:55","slug":"eintausendlaub-yan-han","status":"publish","type":"page","link":"https:\/\/barbaraherold.net\/wordpress\/eintausendlaub-yan-han\/","title":{"rendered":"eintausendlaub by Yan Han"},"content":{"rendered":"<p style=\"text-align: left;\"><em>One Thousand Leaves \u2013 find the English version below<\/em><\/p>\n<h3 style=\"text-align: left;\">Eintausend Laub<\/h3>\n<p>Essay zu Herbar Digital<\/p>\n<p>geschrieben von\u00a0Yan Han,\u00a0M\u00fcnchen, 7. August 2017<\/p>\n<blockquote><p><em>\u201ethe universe is represented in every one of its particles. Every thing in nature contains all the powers of nature. (\u2026) The World globes itself in a drop of dew\u201c\u00a0<\/em>Ralph Waldo Emerson, Compensation<\/p><\/blockquote>\n<p>In Barbara Herold und Florian Huths j\u00fcngstem Werk Herbar Digital sind Bl\u00e4tter der Mikrokosmos des Universums. Gezackte Linien, kr\u00e4ftige Kurven, lebendige Kreise, dichte Netze: All diese simplen geometrischen Formen stellen die Pflanzen dar. Damit weisen sie nicht nur auf unsere Umgebung hin, sondern stehen vielmehr Modell f\u00fcr sie. Geht man noch einen Schritt weiter, ist die von uns erlebte Natur ein Mikrokosmos des Alls.<\/p>\n<p>Auff\u00e4llig ist, dass sich <a href=\"https:\/\/barbaraherold.net\/wordpress\/gallery\/herbar-digital\/\"><em>Herbar Digital<\/em><\/a> mit Aristoteles\u2019 Beschaffenheit der Natur befasst, n\u00e4mlich Stoff und Form. Zum einem sind Bl\u00e4tter und Bl\u00fcte der physische Stoff der Natur (dies bezieht sich auf die K\u00f6rperlichkeit der Natur) und zum anderen sind die vom Computer generierten Parameter, die als Bausteine des Werkes fungieren, als visueller Stoff der Natur zu betrachten. Aristoteles zufolge ist die erreichte Form also das nat\u00fcrliche Wesen. Das Grundschema aller Pflanzen in Herbar Digital l\u00e4sst sich als Konstruktion der Natur erfassen. In diesem Fall sind es die Stofflichkeit einerseits und die Gestalt andererseits, in deren Zusammensetzung die vollst\u00e4ndige Natur besteht.<\/p>\n<p>Wie also interpretiert man die Natur in der visuellen Welt? Diese Frage nimmt eine entscheidende Position in Barbaras k\u00fcnstlerischem Schaffen ein. In <a href=\"https:\/\/barbaraherold.net\/wordpress\/gallery\/void-woodland\/\" target=\"_blank\" rel=\"noopener noreferrer\"><em>Void<\/em> <\/a>repr\u00e4sentiert die ideale idyllische Landschaft die Natur, w\u00e4hrend in <em>Herbar Digital<\/em> das Herbarium die Natur nachvollzieht. Obwohl der nat\u00fcrliche Repr\u00e4sentant unterschiedlich ist, bleibt die Interpretation dieselbe, n\u00e4mlich eine Simulation. Auf dieser Ebene k\u00f6nnen die vom Computer generierten Naturmotive als von Gerhard Schulze erw\u00e4hnte spielerische Kulissen angesehen werden, die die Wirklichkeit nicht verschleiern, sondern herstellen.<\/p>\n<p>Nat\u00fcrlich sind diese Kulissen als Inszenierung an die von Menschen erlebte kulturelle Umgebung gebunden. Das von Carl von Linn\u00e9 entwickelte System von Pflanzen wird als eine k\u00fcnstliche Klassifizierung betrachtet, in der sich die menschliche Sozialpraxis durch Pflanzenidentifikation auspr\u00e4gt. In <em>Herbar Digital<\/em> entstehen 40 Herbarbelege aus einem Archiv von 800 gesammelten 3D-Modellen von Pflanzen. Diese subjektive Wahl und das dazu erzeugte Pseudo-Ordnungssystem deuten auf ein menschliches Vorgehen hin; und zwar reflektiert diese k\u00fcnstlerische Intervention die \u00dcberschneidung zwischen realen und virtuellen Erlebnissen unseres digitalen Zeitalters. In diesem Fall sind die spielerischen Kulissen die Inszenierung der Gegenwart.<\/p>\n<p>Die digitale Welt ist wie ein Spiegelraum, in dem wir denken, die ganze Welt zu sehen. In der Tat sehen wir jedoch lediglich uns selbst. In Herbar Digital beh\u00e4lt jedes Exemplar den Zugang zur digitalen Quelle: Wer hat jenes pflanzliche 3D-Modell entworfen und wie ist sein farbiges Schema u. \u00c4. Die user-generierte Gestalt von Pflanzen hinterl\u00e4sst ebenso eine starke pers\u00f6nliche Spur. Die Individualit\u00e4t des Menschen ist als wiederkehrender Gedanke in Barbara Herolds Werken zu finden. In <em><a href=\"https:\/\/barbaraherold.net\/wordpress\/gallery\/aura-sell-out\/\" target=\"_blank\" rel=\"noopener noreferrer\">Aura Sell-Out<\/a><\/em> schl\u00e4gt sich die Pers\u00f6nlichkeit in den individuellen Gesten der User nieder, w\u00e4hrend in<a href=\"https:\/\/barbaraherold.net\/wordpress\/gallery\/metric-ballet\/\" target=\"_blank\" rel=\"noopener noreferrer\"><em> Metric Ballet<\/em><\/a> der Charakter der T\u00e4nzer durch die Improvisation auf begrenztem Raum erkennbar ist. Die digitalen Herbarbelege dienen hier als ein Durchgang, durch den die Vielf\u00e4ltigkeit der Menschen und der Natur deutlich wird.<\/p>\n<p>Es ist kein Zufall, dass sich Herbar Digital endg\u00fcltig als eine druckgraphische (lithographische) Serie pr\u00e4sentiert. Dies kann auf Maria Sibylla Merians zwischen 1675 und 1680 erschienenes <em>Neues Blumenbuch<\/em> zur\u00fcckgehen. Das druckgraphische Verfahren fokussiert auf die Form und Fl\u00e4che von Pflanzen und lenkt unseren Blick auf die Interaktion zwischen Beobachtung, Gestaltung und ihrem Zweck. Die Besonderheit besteht darin, dass die verstreute leichte Farbigkeit in manchen Unikaten an Merians Kolorierung erinnert. Diese k\u00fcnstlerische Umsetzung verleiht den Pflanzen Lebendigkeit und Grazie.<br \/>\nAuf den Punkt gebracht: <em>Herbar Digital<\/em> wird zu einem Ort, an dem Herold und Huth ihre Intention zeigen \u2014 Eintausend Laub wirkt als ein Beh\u00e4ltnis unseres Wissens und eine Sammlung der Ged\u00e4chtnisse unserer Zeit.<\/p>\n<p>One Thousand Leaves<\/p>\n<p>Essay for <i>Herbar Digital<\/i><\/p>\n<p>August 07, 2017 in Munich<\/p>\n<p>written by Han Yan<\/p>\n<blockquote><p>&#8220;The universe is represented in every one of its particles. Everything in nature contains all the powers of nature\u2026The world globes itself in a drop of dew.&#8221;<\/p><\/blockquote>\n<p>Ralph Waldo Emerson, <i>Compensation<\/i><\/p>\n<p>In Barbara Herold &amp; Florian Huth&#8217;s latest work <a href=\"https:\/\/barbaraherold.net\/wordpress\/gallery\/herbar-digital\/\" target=\"_blank\" rel=\"noopener noreferrer\"><i>Herbar Digital<\/i>,<\/a> leaves are a microcosm of the universe. Jagged lines, powerful curves, lively circles, dense nets: all these simple, geometric forms depict plants. They not only allude to our environment, but indeed serve as a model for it. Going a step further, the nature we experience is a microcosm of the universe.<\/p>\n<p><i>Herbar<\/i> <i>Digital<\/i> deals with Aristotle&#8217;s properties of nature, i.e. matter and form. On the one hand leaves and flowers are nature&#8217;s physical material (this refers to the physicality of nature), while on the other, the computer-generated parameters functioning as the work\u2019s building blocks are to be regarded as nature&#8217;s visual material. According to Aristotle, the form attained is the natural being. The basic structure of all plants in<i> Herbar Digital <\/i>can be understood as the construction of nature. In this case it is the combination of materiality on the one hand and the form on the other which makes up complete nature.<\/p>\n<p>So how is nature interpreted in the visual world? This question occupies a determining position in Barbara&#8217;s artistic work. In <a href=\"https:\/\/barbaraherold.net\/wordpress\/gallery\/void-woodland\/\" target=\"_blank\" rel=\"noopener noreferrer\"><i>Void<\/i><\/a>, nature represents the idyllic landscape, while in<i> Herbar Digital<\/i>, the herbarium replicates nature. Although the selection varies, the interpretation remains the same: a simulation. According to Gerhard Schulze, on this level computer-generated natural motifs may be seen as playful scenes not obscuring reality but instead producing it.<\/p>\n<p>Of course, these scenes are bound to the cultural environment of human experience. The system of plants developed by Carl von Linn\u00e9 is regarded as an artificial classification in which human social practice informs plant identification. In <i>Herbar Digital<\/i>, 40 pieces of archival documentation emerge from 800 collected 3D models of plants. This subjective choice and the pseudo classification system created for it suggest a human approach; this artistic intervention reflects the overlap between real and virtual experiences within our digital age. Here, the playful backdrops stage the present.<\/p>\n<p>The digital world is like a mirror in which we think we see the whole world. Yet in fact, we only see ourselves. In <i>Herbar Digital <\/i>each copy retains access to the digital source. Who designed the 3D model of this plant, what is its color scheme and so forth? The user-generated plants form thus leaves a strong personal trace. Humanity&#8217;s individuality is a recurring concept in Barbara Herold&#8217;s works. In <a href=\"https:\/\/barbaraherold.net\/wordpress\/gallery\/aura-sell-out\/\" target=\"_blank\" rel=\"noopener noreferrer\"><i>Aura Sell-Out<\/i><\/a>, the personality is reflected in the user&#8217;s individual gestures, while in <a href=\"https:\/\/barbaraherold.net\/wordpress\/gallery\/metric-ballet\/\" target=\"_blank\" rel=\"noopener noreferrer\"><i>Metric Ballet <\/i><\/a>the dancer&#8217;s character can be recognized through improvisation within a limited space. The digital documents become a passage through which the diversity of people and nature is clear.<\/p>\n<p>It is no coincidence that <i>Herbar Digital <\/i>was presented in a lithographic print series. This can be traced back to Maria Sibylla Merian&#8217;s<i> New Flower Book\u00a0<\/i>(1675 \u2013<i> <\/i>1680). The printing process focused on the shape and surface of plants and directed our attention to the interaction between observation, design and its purpose. The distinctive feature is that the scattered diffuse color in some editions is reminiscent of Merian&#8217;s coloring. This artistic permutation lends the plants both liveliness and grace.\u00a0In conclusion <i>Herbar Digital <\/i>becomes a place where Herold &amp; Huth show their intention: <i>One thousand Leaves<\/i> serves as a repository for our knowledge and as an archive of the memories of our time.<\/p>\n","protected":false},"excerpt":{"rendered":"<p class=\"excerpt\">One Thousand Leaves \u2013 find the English version below Eintausend Laub Essay zu Herbar Digital geschrieben von\u00a0Yan Han,\u00a0M\u00fcnchen, 7. August 2017 \u201ethe universe is represented in every one of its particles. Every thing in nature contains all the powers of nature. (\u2026) The World globes itself in a drop of dew\u201c\u00a0Ralph Waldo Emerson, Compensation In Barbara Herold und Florian Huths&hellip; <a href=\"https:\/\/barbaraherold.net\/wordpress\/eintausendlaub-yan-han\/\">Read more &rarr;<\/a><\/p>\n","protected":false},"author":1,"featured_media":0,"parent":0,"menu_order":5,"comment_status":"closed","ping_status":"closed","template":"page-templates\/template-post-block.php","meta":{"_acf_changed":false,"footnotes":""},"class_list":["post-1140","page","type-page","status-publish","hentry","xfolkentry"],"acf":false,"yoast_head":"<!-- This site is optimized with the Yoast SEO plugin v27.4 - https:\/\/yoast.com\/product\/yoast-seo-wordpress\/ -->\n<title>eintausendlaub by Yan Han - Barbara Herold<\/title>\n<meta name=\"robots\" content=\"index, follow, max-snippet:-1, max-image-preview:large, max-video-preview:-1\" \/>\n<link rel=\"canonical\" href=\"https:\/\/barbaraherold.net\/wordpress\/eintausendlaub-yan-han\/\" \/>\n<meta property=\"og:locale\" content=\"en_US\" \/>\n<meta property=\"og:type\" content=\"article\" \/>\n<meta property=\"og:title\" content=\"eintausendlaub by Yan Han - Barbara Herold\" \/>\n<meta property=\"og:description\" content=\"One Thousand Leaves \u2013 find the English version below Eintausend Laub Essay zu Herbar Digital geschrieben von\u00a0Yan Han,\u00a0M\u00fcnchen, 7. August 2017 \u201ethe universe is represented in every one of its particles. Every thing in nature contains all the powers of nature. (\u2026) The World globes itself in a drop of dew\u201c\u00a0Ralph Waldo Emerson, Compensation In Barbara Herold und Florian Huths&hellip; Read more &rarr;\" \/>\n<meta property=\"og:url\" content=\"https:\/\/barbaraherold.net\/wordpress\/eintausendlaub-yan-han\/\" \/>\n<meta property=\"og:site_name\" content=\"Barbara Herold\" \/>\n<meta property=\"article:modified_time\" content=\"2025-06-02T06:13:55+00:00\" \/>\n<meta name=\"twitter:card\" content=\"summary_large_image\" \/>\n<meta name=\"twitter:label1\" content=\"Est. reading time\" \/>\n\t<meta name=\"twitter:data1\" content=\"6 minutes\" \/>\n<script type=\"application\/ld+json\" class=\"yoast-schema-graph\">{\"@context\":\"https:\\\/\\\/schema.org\",\"@graph\":[{\"@type\":\"WebPage\",\"@id\":\"https:\\\/\\\/barbaraherold.net\\\/wordpress\\\/eintausendlaub-yan-han\\\/\",\"url\":\"https:\\\/\\\/barbaraherold.net\\\/wordpress\\\/eintausendlaub-yan-han\\\/\",\"name\":\"eintausendlaub by Yan Han - Barbara Herold\",\"isPartOf\":{\"@id\":\"https:\\\/\\\/barbaraherold.net\\\/wordpress\\\/#website\"},\"datePublished\":\"2017-09-24T17:36:09+00:00\",\"dateModified\":\"2025-06-02T06:13:55+00:00\",\"breadcrumb\":{\"@id\":\"https:\\\/\\\/barbaraherold.net\\\/wordpress\\\/eintausendlaub-yan-han\\\/#breadcrumb\"},\"inLanguage\":\"en-US\",\"potentialAction\":[{\"@type\":\"ReadAction\",\"target\":[\"https:\\\/\\\/barbaraherold.net\\\/wordpress\\\/eintausendlaub-yan-han\\\/\"]}]},{\"@type\":\"BreadcrumbList\",\"@id\":\"https:\\\/\\\/barbaraherold.net\\\/wordpress\\\/eintausendlaub-yan-han\\\/#breadcrumb\",\"itemListElement\":[{\"@type\":\"ListItem\",\"position\":1,\"name\":\"Home\",\"item\":\"https:\\\/\\\/barbaraherold.net\\\/wordpress\\\/\"},{\"@type\":\"ListItem\",\"position\":2,\"name\":\"eintausendlaub by Yan Han\"}]},{\"@type\":\"WebSite\",\"@id\":\"https:\\\/\\\/barbaraherold.net\\\/wordpress\\\/#website\",\"url\":\"https:\\\/\\\/barbaraherold.net\\\/wordpress\\\/\",\"name\":\"Barbara Herold\",\"description\":\"\",\"publisher\":{\"@id\":\"https:\\\/\\\/barbaraherold.net\\\/wordpress\\\/#\\\/schema\\\/person\\\/6ab1a7cb8affc21921c7f8ea5266b5e2\"},\"potentialAction\":[{\"@type\":\"SearchAction\",\"target\":{\"@type\":\"EntryPoint\",\"urlTemplate\":\"https:\\\/\\\/barbaraherold.net\\\/wordpress\\\/?s={search_term_string}\"},\"query-input\":{\"@type\":\"PropertyValueSpecification\",\"valueRequired\":true,\"valueName\":\"search_term_string\"}}],\"inLanguage\":\"en-US\"},{\"@type\":[\"Person\",\"Organization\"],\"@id\":\"https:\\\/\\\/barbaraherold.net\\\/wordpress\\\/#\\\/schema\\\/person\\\/6ab1a7cb8affc21921c7f8ea5266b5e2\",\"name\":\"barbaraherold\",\"image\":{\"@type\":\"ImageObject\",\"inLanguage\":\"en-US\",\"@id\":\"https:\\\/\\\/secure.gravatar.com\\\/avatar\\\/c27a0188c1092a96da2fb27aa2be1ad8ecd0567c665a91da808ea98fac96a27e?s=96&d=mm&r=g\",\"url\":\"https:\\\/\\\/secure.gravatar.com\\\/avatar\\\/c27a0188c1092a96da2fb27aa2be1ad8ecd0567c665a91da808ea98fac96a27e?s=96&d=mm&r=g\",\"contentUrl\":\"https:\\\/\\\/secure.gravatar.com\\\/avatar\\\/c27a0188c1092a96da2fb27aa2be1ad8ecd0567c665a91da808ea98fac96a27e?s=96&d=mm&r=g\",\"caption\":\"barbaraherold\"},\"logo\":{\"@id\":\"https:\\\/\\\/secure.gravatar.com\\\/avatar\\\/c27a0188c1092a96da2fb27aa2be1ad8ecd0567c665a91da808ea98fac96a27e?s=96&d=mm&r=g\"}}]}<\/script>\n<!-- \/ Yoast SEO plugin. -->","yoast_head_json":{"title":"eintausendlaub by Yan Han - Barbara Herold","robots":{"index":"index","follow":"follow","max-snippet":"max-snippet:-1","max-image-preview":"max-image-preview:large","max-video-preview":"max-video-preview:-1"},"canonical":"https:\/\/barbaraherold.net\/wordpress\/eintausendlaub-yan-han\/","og_locale":"en_US","og_type":"article","og_title":"eintausendlaub by Yan Han - Barbara Herold","og_description":"One Thousand Leaves \u2013 find the English version below Eintausend Laub Essay zu Herbar Digital geschrieben von\u00a0Yan Han,\u00a0M\u00fcnchen, 7. August 2017 \u201ethe universe is represented in every one of its particles. Every thing in nature contains all the powers of nature. (\u2026) The World globes itself in a drop of dew\u201c\u00a0Ralph Waldo Emerson, Compensation In Barbara Herold und Florian Huths&hellip; Read more &rarr;","og_url":"https:\/\/barbaraherold.net\/wordpress\/eintausendlaub-yan-han\/","og_site_name":"Barbara Herold","article_modified_time":"2025-06-02T06:13:55+00:00","twitter_card":"summary_large_image","twitter_misc":{"Est. reading time":"6 minutes"},"schema":{"@context":"https:\/\/schema.org","@graph":[{"@type":"WebPage","@id":"https:\/\/barbaraherold.net\/wordpress\/eintausendlaub-yan-han\/","url":"https:\/\/barbaraherold.net\/wordpress\/eintausendlaub-yan-han\/","name":"eintausendlaub by Yan Han - Barbara Herold","isPartOf":{"@id":"https:\/\/barbaraherold.net\/wordpress\/#website"},"datePublished":"2017-09-24T17:36:09+00:00","dateModified":"2025-06-02T06:13:55+00:00","breadcrumb":{"@id":"https:\/\/barbaraherold.net\/wordpress\/eintausendlaub-yan-han\/#breadcrumb"},"inLanguage":"en-US","potentialAction":[{"@type":"ReadAction","target":["https:\/\/barbaraherold.net\/wordpress\/eintausendlaub-yan-han\/"]}]},{"@type":"BreadcrumbList","@id":"https:\/\/barbaraherold.net\/wordpress\/eintausendlaub-yan-han\/#breadcrumb","itemListElement":[{"@type":"ListItem","position":1,"name":"Home","item":"https:\/\/barbaraherold.net\/wordpress\/"},{"@type":"ListItem","position":2,"name":"eintausendlaub by Yan Han"}]},{"@type":"WebSite","@id":"https:\/\/barbaraherold.net\/wordpress\/#website","url":"https:\/\/barbaraherold.net\/wordpress\/","name":"Barbara Herold","description":"","publisher":{"@id":"https:\/\/barbaraherold.net\/wordpress\/#\/schema\/person\/6ab1a7cb8affc21921c7f8ea5266b5e2"},"potentialAction":[{"@type":"SearchAction","target":{"@type":"EntryPoint","urlTemplate":"https:\/\/barbaraherold.net\/wordpress\/?s={search_term_string}"},"query-input":{"@type":"PropertyValueSpecification","valueRequired":true,"valueName":"search_term_string"}}],"inLanguage":"en-US"},{"@type":["Person","Organization"],"@id":"https:\/\/barbaraherold.net\/wordpress\/#\/schema\/person\/6ab1a7cb8affc21921c7f8ea5266b5e2","name":"barbaraherold","image":{"@type":"ImageObject","inLanguage":"en-US","@id":"https:\/\/secure.gravatar.com\/avatar\/c27a0188c1092a96da2fb27aa2be1ad8ecd0567c665a91da808ea98fac96a27e?s=96&d=mm&r=g","url":"https:\/\/secure.gravatar.com\/avatar\/c27a0188c1092a96da2fb27aa2be1ad8ecd0567c665a91da808ea98fac96a27e?s=96&d=mm&r=g","contentUrl":"https:\/\/secure.gravatar.com\/avatar\/c27a0188c1092a96da2fb27aa2be1ad8ecd0567c665a91da808ea98fac96a27e?s=96&d=mm&r=g","caption":"barbaraherold"},"logo":{"@id":"https:\/\/secure.gravatar.com\/avatar\/c27a0188c1092a96da2fb27aa2be1ad8ecd0567c665a91da808ea98fac96a27e?s=96&d=mm&r=g"}}]}},"_links":{"self":[{"href":"https:\/\/barbaraherold.net\/wordpress\/wp-json\/wp\/v2\/pages\/1140","targetHints":{"allow":["GET"]}}],"collection":[{"href":"https:\/\/barbaraherold.net\/wordpress\/wp-json\/wp\/v2\/pages"}],"about":[{"href":"https:\/\/barbaraherold.net\/wordpress\/wp-json\/wp\/v2\/types\/page"}],"author":[{"embeddable":true,"href":"https:\/\/barbaraherold.net\/wordpress\/wp-json\/wp\/v2\/users\/1"}],"replies":[{"embeddable":true,"href":"https:\/\/barbaraherold.net\/wordpress\/wp-json\/wp\/v2\/comments?post=1140"}],"version-history":[{"count":7,"href":"https:\/\/barbaraherold.net\/wordpress\/wp-json\/wp\/v2\/pages\/1140\/revisions"}],"predecessor-version":[{"id":2538,"href":"https:\/\/barbaraherold.net\/wordpress\/wp-json\/wp\/v2\/pages\/1140\/revisions\/2538"}],"wp:attachment":[{"href":"https:\/\/barbaraherold.net\/wordpress\/wp-json\/wp\/v2\/media?parent=1140"}],"curies":[{"name":"wp","href":"https:\/\/api.w.org\/{rel}","templated":true}]}}